{"id":590,"date":"2020-09-14T00:46:50","date_gmt":"2020-09-14T00:46:50","guid":{"rendered":"https:\/\/eudigital.net\/licenciamento\/?page_id=590"},"modified":"2021-03-23T16:02:39","modified_gmt":"2021-03-23T16:02:39","slug":"submeter-licenciamento","status":"publish","type":"page","link":"https:\/\/eudigital.net\/licenciamento\/submeter-licenciamento\/","title":{"rendered":"Submeter Licenciamento"},"content":{"rendered":"\t\t<div data-elementor-type=\"wp-page\" data-elementor-id=\"590\" class=\"elementor elementor-590\" data-elementor-settings=\"[]\">\n\t\t\t\t\t\t<div class=\"elementor-inner\">\n\t\t\t\t\t\t\t<div class=\"elementor-section-wrap\">\n\t\t\t\t\t\t\t<section class=\"elementor-section elementor-top-section elementor-element elementor-element-52432b2 elementor-section-boxed elementor-section-height-default elementor-section-height-default\" data-id=\"52432b2\" data-element_type=\"section\">\n\t\t\t\t\t\t<div class=\"elementor-container elementor-column-gap-default\">\n\t\t\t\t\t\t\t<div class=\"elementor-row\">\n\t\t\t\t\t<div class=\"elementor-column elementor-col-33 elementor-top-column elementor-element elementor-element-d6eae40\" data-id=\"d6eae40\" data-element_type=\"column\">\n\t\t\t<div class=\"elementor-column-wrap\">\n\t\t\t\t\t\t\t<div class=\"elementor-widget-wrap\">\n\t\t\t\t\t\t\t\t<\/div>\n\t\t\t\t\t<\/div>\n\t\t<\/div>\n\t\t\t\t<div class=\"elementor-column elementor-col-66 elementor-top-column elementor-element elementor-element-394e04f\" data-id=\"394e04f\" data-element_type=\"column\">\n\t\t\t<div class=\"elementor-column-wrap elementor-element-populated\">\n\t\t\t\t\t\t\t<div class=\"elementor-widget-wrap\">\n\t\t\t\t\t\t<div class=\"elementor-element elementor-element-649e719 elementor-widget elementor-widget-heading\" data-id=\"649e719\" data-element_type=\"widget\" data-widget_type=\"heading.default\">\n\t\t\t\t<div class=\"elementor-widget-container\">\n\t\t\t<h2 class=\"elementor-heading-title elementor-size-default\">Precisa de ajuda com o seu licenciamento ?<\/h2>\t\t<\/div>\n\t\t\t\t<\/div>\n\t\t\t\t<div class=\"elementor-element elementor-element-cbc84bb elementor-widget elementor-widget-heading\" data-id=\"cbc84bb\" data-element_type=\"widget\" data-widget_type=\"heading.default\">\n\t\t\t\t<div class=\"elementor-widget-container\">\n\t\t\t<h1 class=\"elementor-heading-title elementor-size-default\">Processo de  Licenciamento Facilitado<\/h1>\t\t<\/div>\n\t\t\t\t<\/div>\n\t\t\t\t<div class=\"elementor-element elementor-element-b4cdf2b elementor-widget elementor-widget-text-editor\" data-id=\"b4cdf2b\" data-element_type=\"widget\" data-widget_type=\"text-editor.default\">\n\t\t\t\t<div class=\"elementor-widget-container\">\n\t\t\t\t\t<div class=\"elementor-text-editor elementor-clearfix\"><p>Tratamos de Documenta\u00e7\u00e3o e Testes de Conformidade para Licenciamentos nacionais.<\/p><\/div>\n\t\t\t\t<\/div>\n\t\t\t\t<\/div>\n\t\t\t\t<div class=\"elementor-element elementor-element-ea09d3f elementor-widget elementor-widget-heading\" data-id=\"ea09d3f\" data-element_type=\"widget\" data-widget_type=\"heading.default\">\n\t\t\t\t<div class=\"elementor-widget-container\">\n\t\t\t<h2 class=\"elementor-heading-title elementor-size-default\">Pedir Or\u00e7amento<\/h2>\t\t<\/div>\n\t\t\t\t<\/div>\n\t\t\t\t<div class=\"elementor-element elementor-element-fdc2a86 elementor-widget elementor-widget-text-editor\" data-id=\"fdc2a86\" data-element_type=\"widget\" data-widget_type=\"text-editor.default\">\n\t\t\t\t<div class=\"elementor-widget-container\">\n\t\t\t\t\t<div class=\"elementor-text-editor elementor-clearfix\"><p>Preencha todos os campos com a devida informa\u00e7\u00e3o e exposi\u00e7\u00e3o das suas necessidades para simplificar o processo de licenciamento.\u00a0<\/p><\/div>\n\t\t\t\t<\/div>\n\t\t\t\t<\/div>\n\t\t\t\t<div class=\"elementor-element elementor-element-7913817 elementor-button-align-stretch elementor-widget elementor-widget-form\" data-id=\"7913817\" data-element_type=\"widget\" data-settings=\"{&quot;step_next_label&quot;:&quot;Next&quot;,&quot;step_previous_label&quot;:&quot;Previous&quot;,&quot;button_width&quot;:&quot;100&quot;,&quot;step_type&quot;:&quot;number_text&quot;,&quot;step_icon_shape&quot;:&quot;circle&quot;}\" data-widget_type=\"form.default\">\n\t\t\t\t<div class=\"elementor-widget-container\">\n\t\t\t\t\t<form class=\"elementor-form\" method=\"post\" name=\"New Form\">\n\t\t\t<input type=\"hidden\" name=\"post_id\" value=\"590\"\/>\n\t\t\t<input type=\"hidden\" name=\"form_id\" value=\"7913817\"\/>\n\t\t\t<input type=\"hidden\" name=\"referer_title\" value=\"\" \/>\n\n\t\t\t\n\t\t\t<div class=\"elementor-form-fields-wrapper elementor-labels-\">\n\t\t\t\t\t\t\t\t<div class=\"elementor-field-type-text elementor-field-group elementor-column elementor-field-group-name elementor-col-50\">\n\t\t\t\t\t<label for=\"form-field-name\" class=\"elementor-field-label elementor-screen-only\">Name<\/label><input size=\"1\" type=\"text\" name=\"form_fields[name]\" id=\"form-field-name\" class=\"elementor-field elementor-size-sm  elementor-field-textual\" placeholder=\"Name\">\t\t\t\t<\/div>\n\t\t\t\t\t\t\t\t<div class=\"elementor-field-type-email elementor-field-group elementor-column elementor-field-group-email elementor-col-50 elementor-field-required\">\n\t\t\t\t\t<label for=\"form-field-email\" class=\"elementor-field-label elementor-screen-only\">Email<\/label><input size=\"1\" type=\"email\" name=\"form_fields[email]\" id=\"form-field-email\" class=\"elementor-field elementor-size-sm  elementor-field-textual\" placeholder=\"Email\" required=\"required\" aria-required=\"true\">\t\t\t\t<\/div>\n\t\t\t\t\t\t\t\t<div class=\"elementor-field-type-text elementor-field-group elementor-column elementor-field-group-field_7d82e7b elementor-col-50 elementor-field-required\">\n\t\t\t\t\t<label for=\"form-field-field_7d82e7b\" class=\"elementor-field-label elementor-screen-only\">Empresa<\/label><input size=\"1\" type=\"text\" name=\"form_fields[field_7d82e7b]\" id=\"form-field-field_7d82e7b\" class=\"elementor-field elementor-size-sm  elementor-field-textual\" placeholder=\"Empresa\" required=\"required\" aria-required=\"true\">\t\t\t\t<\/div>\n\t\t\t\t\t\t\t\t<div class=\"elementor-field-type-text elementor-field-group elementor-column elementor-field-group-field_69db748 elementor-col-50 elementor-field-required\">\n\t\t\t\t\t<label for=\"form-field-field_69db748\" class=\"elementor-field-label elementor-screen-only\">Telefone<\/label><input size=\"1\" type=\"text\" name=\"form_fields[field_69db748]\" id=\"form-field-field_69db748\" class=\"elementor-field elementor-size-sm  elementor-field-textual\" placeholder=\"Telefone\" required=\"required\" aria-required=\"true\">\t\t\t\t<\/div>\n\t\t\t\t\t\t\t\t<div class=\"elementor-field-type-acceptance elementor-field-group elementor-column elementor-field-group-field_2e647b5 elementor-col-100\">\n\t\t\t\t\t<div class=\"elementor-field-subgroup\"><span class=\"elementor-field-option\"><input type=\"checkbox\" name=\"form_fields[field_2e647b5]\" id=\"form-field-field_2e647b5\" class=\"elementor-field elementor-size-sm  elementor-acceptance-field\"> <label for=\"form-field-field_2e647b5\"> Li e aceito a Pol\u00edtica de Privacidade de Licenciamentos<\/label><\/span><\/div>\t\t\t\t<\/div>\n\t\t\t\t\t\t\t\t<div class=\"elementor-field-group elementor-column elementor-field-type-submit elementor-col-100 e-form__buttons\">\n\t\t\t\t\t<button type=\"submit\" class=\"elementor-button elementor-size-sm\">\n\t\t\t\t\t\t<span >\n\t\t\t\t\t\t\t\t\t\t\t\t\t\t\t<span class=\" elementor-button-icon\">\n\t\t\t\t\t\t\t\t\t\t\t\t\t\t\t\t\t\t\t\t\t\t\t\t\t\t<\/span>\n\t\t\t\t\t\t\t\t\t\t\t\t\t\t\t\t\t\t\t\t\t\t<span class=\"elementor-button-text\">Enviar Pedido de Or\u00e7amento<\/span>\n\t\t\t\t\t\t\t\t\t\t\t\t\t<\/span>\n\t\t\t\t\t<\/button>\n\t\t\t\t<\/div>\n\t\t\t<\/div>\n\t\t<\/form>\n\t\t\t\t<\/div>\n\t\t\t\t<\/div>\n\t\t\t\t\t\t<\/div>\n\t\t\t\t\t<\/div>\n\t\t<\/div>\n\t\t\t\t\t\t\t\t<\/div>\n\t\t\t\t\t<\/div>\n\t\t<\/section>\n\t\t\t\t\t\t<\/div>\n\t\t\t\t\t\t<\/div>\n\t\t\t\t\t<\/div>\n\t\t","protected":false},"excerpt":{"rendered":"<p>Precisa de ajuda com o seu licenciamento ? Processo de Licenciamento Facilitado Tratamos de Documenta\u00e7\u00e3o e Testes de Conformidade para Licenciamentos nacionais. Pedir Or\u00e7amento Preencha todos os campos com a devida informa\u00e7\u00e3o e exposi\u00e7\u00e3o das suas necessidades para simplificar o processo de licenciamento.\u00a0<\/p>\n","protected":false},"author":1,"featured_media":0,"parent":0,"menu_order":0,"comment_status":"closed","ping_status":"closed","template":"","meta":{"footnotes":""},"class_list":["post-590","page","type-page","status-publish","hentry"],"_links":{"self":[{"href":"https:\/\/eudigital.net\/licenciamento\/wp-json\/wp\/v2\/pages\/590","targetHints":{"allow":["GET"]}}],"collection":[{"href":"https:\/\/eudigital.net\/licenciamento\/wp-json\/wp\/v2\/pages"}],"about":[{"href":"https:\/\/eudigital.net\/licenciamento\/wp-json\/wp\/v2\/types\/page"}],"author":[{"embeddable":true,"href":"https:\/\/eudigital.net\/licenciamento\/wp-json\/wp\/v2\/users\/1"}],"replies":[{"embeddable":true,"href":"https:\/\/eudigital.net\/licenciamento\/wp-json\/wp\/v2\/comments?post=590"}],"version-history":[{"count":11,"href":"https:\/\/eudigital.net\/licenciamento\/wp-json\/wp\/v2\/pages\/590\/revisions"}],"predecessor-version":[{"id":709,"href":"https:\/\/eudigital.net\/licenciamento\/wp-json\/wp\/v2\/pages\/590\/revisions\/709"}],"wp:attachment":[{"href":"https:\/\/eudigital.net\/licenciamento\/wp-json\/wp\/v2\/media?parent=590"}],"curies":[{"name":"wp","href":"https:\/\/api.w.org\/{rel}","templated":true}]}}